{"id":4523,"date":"2026-02-03T12:27:45","date_gmt":"2026-02-03T11:27:45","guid":{"rendered":"https:\/\/endure-consulting.com\/?page_id=4523"},"modified":"2026-04-13T11:10:39","modified_gmt":"2026-04-13T09:10:39","slug":"turnaround","status":"publish","type":"page","link":"https:\/\/endure-consulting.com\/en\/turnaround\/","title":{"rendered":"Endure |\u00a0Turnaround"},"content":{"rendered":"<p>[et_pb_section fb_built=&#8221;1&#8243; admin_label=&#8221;Section&#8221; _builder_version=&#8221;4.27.5&#8243; _module_preset=&#8221;default&#8221; background_image=&#8221;https:\/\/endure-consulting.com\/wp-content\/uploads\/2026\/01\/iStock-2075742031-4.jpg&#8221; custom_margin=&#8221;||0px|||&#8221; custom_padding=&#8221;||0px|||&#8221; da_disable_devices=&#8221;off|off|off&#8221; global_colors_info=&#8221;{}&#8221; da_is_popup=&#8221;off&#8221; da_exit_intent=&#8221;off&#8221; da_has_close=&#8221;on&#8221; da_alt_close=&#8221;off&#8221; da_dark_close=&#8221;off&#8221; da_not_modal=&#8221;on&#8221; da_is_singular=&#8221;off&#8221; da_with_loader=&#8221;off&#8221; da_has_shadow=&#8221;on&#8221;][et_pb_row column_structure=&#8221;3_5,2_5&#8243; _builder_version=&#8221;4.27.5&#8243; _module_preset=&#8221;default&#8221; global_colors_info=&#8221;{}&#8221;][et_pb_column type=&#8221;3_5&#8243; _builder_version=&#8221;4.27.5&#8243; _module_preset=&#8221;default&#8221; global_colors_info=&#8221;{}&#8221;][et_pb_text _builder_version=&#8221;4.27.5&#8243; _module_preset=&#8221;default&#8221; text_text_color=&#8221;#F8F8F8&#8243; text_font_size=&#8221;26px&#8221; header_text_color=&#8221;#FFFFFF&#8221; global_colors_info=&#8221;{}&#8221;]<\/p>\n<p>Die einzige Beratung, die bleibt,<\/p>\n<p>[\/et_pb_text][et_pb_text _builder_version=&#8221;4.27.5&#8243; _module_preset=&#8221;default&#8221; text_text_color=&#8221;#A7C218&#8243; text_font_size=&#8221;55px&#8221; custom_margin=&#8221;-10px||||false|false&#8221; text_font_size_tablet=&#8221;44px&#8221; text_font_size_phone=&#8221;32px&#8221; text_font_size_last_edited=&#8221;on|tablet&#8221; global_colors_info=&#8221;{}&#8221;]<\/p>\n<p style=\"text-align: left;\">BIS ES FUNKTIONIERT.<\/p>\n<p>[\/et_pb_text][\/et_pb_column][et_pb_column type=&#8221;2_5&#8243; _builder_version=&#8221;4.27.5&#8243; _module_preset=&#8221;default&#8221; global_colors_info=&#8221;{}&#8221;][\/et_pb_column][\/et_pb_row][et_pb_row _builder_version=&#8221;4.27.5&#8243; _module_preset=&#8221;default&#8221; global_colors_info=&#8221;{}&#8221;][et_pb_column type=&#8221;4_4&#8243; _builder_version=&#8221;4.27.5&#8243; _module_preset=&#8221;default&#8221; global_colors_info=&#8221;{}&#8221;][\/et_pb_column][\/et_pb_row][\/et_pb_section][et_pb_section fb_built=&#8221;1&#8243; _builder_version=&#8221;4.27.5&#8243; _module_preset=&#8221;default&#8221; custom_padding=&#8221;24px|||||&#8221; da_disable_devices=&#8221;off|off|off&#8221; border_width_all=&#8221;5px&#8221; border_color_all=&#8221;#00528E&#8221; global_colors_info=&#8221;{}&#8221; da_is_popup=&#8221;off&#8221; da_exit_intent=&#8221;off&#8221; da_has_close=&#8221;on&#8221; da_alt_close=&#8221;off&#8221; da_dark_close=&#8221;off&#8221; da_not_modal=&#8221;on&#8221; da_is_singular=&#8221;off&#8221; da_with_loader=&#8221;off&#8221; da_has_shadow=&#8221;on&#8221;][et_pb_row column_structure=&#8221;1_2,1_2&#8243; _builder_version=&#8221;4.27.5&#8243; _module_preset=&#8221;default&#8221; global_colors_info=&#8221;{}&#8221;][et_pb_column type=&#8221;1_2&#8243; _builder_version=&#8221;4.27.5&#8243; _module_preset=&#8221;default&#8221; global_colors_info=&#8221;{}&#8221;][et_pb_text _builder_version=&#8221;4.27.5&#8243; _module_preset=&#8221;default&#8221; text_text_color=&#8221;#102E69&#8243; text_font_size=&#8221;22px&#8221; global_colors_info=&#8221;{}&#8221;]<\/p>\n<p><strong>Standort in der Krise &#8211; Turnaround in 3 Monaten<\/strong><\/p>\n<p>[\/et_pb_text][et_pb_text _builder_version=&#8221;4.27.5&#8243; _module_preset=&#8221;default&#8221; global_colors_info=&#8221;{}&#8221;]<\/p>\n<p>Es zeigt nicht, <em data-start=\"209\" data-end=\"229\">was man tun k\u00f6nnte<\/em>, sondern was in der Praxis nachweislich wirkt. Echte Wirksamkeit.<\/p>\n<p><span>Ein datenbasierter Turnaround f\u00fchrte ein Industrieunternehmen mit 22% Umsatzr\u00fcckgang zur\u00fcck in die Gewinnzone. Das war m\u00f6glich durch Restrukturierung und OPEX-Transformation.<\/span><\/p>\n<p>[\/et_pb_text][dsm_icon_list _builder_version=&#8221;4.27.5&#8243; _module_preset=&#8221;default&#8221; locked=&#8221;off&#8221; global_colors_info=&#8221;{}&#8221;][dsm_icon_list_child text=&#8221;7-stellige Kosteneinsparung p.a.&#8221; font_icon=&#8221;&#xf058;||fa||900&#8243; icon_color=&#8221;#A7C218&#8243; icon_font_size=&#8221;19px&#8221; _builder_version=&#8221;4.27.5&#8243; _module_preset=&#8221;default&#8221; global_colors_info=&#8221;{}&#8221;][\/dsm_icon_list_child][dsm_icon_list_child text=&#8221;+20% OEE&#8221; font_icon=&#8221;&#xf058;||fa||900&#8243; icon_color=&#8221;#A7C218&#8243; icon_font_size=&#8221;19px&#8221; _builder_version=&#8221;4.27.5&#8243; _module_preset=&#8221;default&#8221; global_colors_info=&#8221;{}&#8221;][\/dsm_icon_list_child][dsm_icon_list_child text=&#8221;3 Mio. Kapital freigesetzt&#8221; font_icon=&#8221;&#xf058;||fa||900&#8243; icon_color=&#8221;#A7C218&#8243; icon_font_size=&#8221;19px&#8221; _builder_version=&#8221;4.27.5&#8243; _module_preset=&#8221;default&#8221; global_colors_info=&#8221;{}&#8221;][\/dsm_icon_list_child][\/dsm_icon_list][et_pb_testimonial author=&#8221;Milan Krumbe&#8221; job_title=&#8221;Gesch\u00e4ftsf\u00fchrer&#8221; company_name=&#8221;Alanod&#8221; portrait_url=&#8221;https:\/\/endure-consulting.com\/wp-content\/uploads\/2026\/02\/Krumbe.png&#8221; _builder_version=&#8221;4.27.5&#8243; _module_preset=&#8221;default&#8221; global_colors_info=&#8221;{}&#8221;]<\/p>\n<p><span>Die Zusammenarbeit mit Endure Consulting im Umfeld von Operational Excellence war pr\u00e4zise, schnell und klar in der Umsetzung. Die abgeleiteten Handlungsfelder und Projekte haben einen positiven Impuls f\u00fcr eine erfolgreiche Implementierung geleistet.<\/span><\/p>\n<p>[\/et_pb_testimonial][\/et_pb_column][et_pb_column type=&#8221;1_2&#8243; _builder_version=&#8221;4.27.5&#8243; _module_preset=&#8221;default&#8221; global_colors_info=&#8221;{}&#8221;][et_pb_text _builder_version=&#8221;4.27.5&#8243; _module_preset=&#8221;default&#8221; locked=&#8221;off&#8221; global_colors_info=&#8221;{}&#8221;]<\/p>\n\n\t\t\t\t\t\t<script>\n\t\t\t\t\t\t\twindow.hsFormsOnReady = window.hsFormsOnReady || [];\n\t\t\t\t\t\t\twindow.hsFormsOnReady.push(()=>{\n\t\t\t\t\t\t\t\thbspt.forms.create({\n\t\t\t\t\t\t\t\t\tportalId: 25654983,\n\t\t\t\t\t\t\t\t\tformId: \"2474a840-dd82-422c-aeab-7f653d315f8d\",\n\t\t\t\t\t\t\t\t\ttarget: \"#hbspt-form-1776236004000-2590050734\",\n\t\t\t\t\t\t\t\t\tregion: \"eu1\",\n\t\t\t\t\t\t\t\t\t\n\t\t\t\t\t\t\t})});\n\t\t\t\t\t\t<\/script>\n\t\t\t\t\t\t<div class=\"hbspt-form\" id=\"hbspt-form-1776236004000-2590050734\"><\/div>\n<p>[\/et_pb_text][\/et_pb_column][\/et_pb_row][\/et_pb_section][et_pb_section fb_built=&#8221;1&#8243; admin_label=&#8221;Section&#8221; module_id=&#8221;termin&#8221; _builder_version=&#8221;4.27.5&#8243; _module_preset=&#8221;default&#8221; background_color=&#8221;#00528E&#8221; use_background_color_gradient=&#8221;on&#8221; background_color_gradient_stops=&#8221;#00528e 0%|#f8f8f8 100%&#8221; custom_margin=&#8221;-14px|||||&#8221; da_popup_slug=&#8221;termin&#8221; da_disable_devices=&#8221;off|off|off&#8221; locked=&#8221;off&#8221; global_colors_info=&#8221;{}&#8221; da_is_popup=&#8221;off&#8221; da_exit_intent=&#8221;off&#8221; da_has_close=&#8221;on&#8221; da_alt_close=&#8221;off&#8221; da_dark_close=&#8221;off&#8221; da_not_modal=&#8221;on&#8221; da_is_singular=&#8221;off&#8221; da_with_loader=&#8221;off&#8221; da_has_shadow=&#8221;on&#8221;][et_pb_row _builder_version=&#8221;4.27.5&#8243; _module_preset=&#8221;default&#8221; custom_margin=&#8221;-28px|auto||auto||&#8221; locked=&#8221;off&#8221; global_colors_info=&#8221;{}&#8221;][et_pb_column type=&#8221;4_4&#8243; _builder_version=&#8221;4.27.5&#8243; _module_preset=&#8221;default&#8221; global_colors_info=&#8221;{}&#8221;][et_pb_heading title=&#8221;Reden wir.&#8221; _builder_version=&#8221;4.27.5&#8243; _module_preset=&#8221;default&#8221; title_font=&#8221;|||||||#102E69|&#8221; title_text_align=&#8221;center&#8221; title_text_color=&#8221;#FFFFFF&#8221; title_font_size=&#8221;53px&#8221; global_colors_info=&#8221;{}&#8221;][\/et_pb_heading][et_pb_heading title=&#8221;Wir kl\u00e4ren, ob wir zueinander passen &#8211; ob wir helfen k\u00f6nnen.&#8221; _builder_version=&#8221;4.27.5&#8243; _module_preset=&#8221;default&#8221; title_font=&#8221;|||||||#102E69|&#8221; title_text_align=&#8221;center&#8221; title_text_color=&#8221;#FFFFFF&#8221; title_font_size=&#8221;19px&#8221; custom_margin=&#8221;-25px||||false|false&#8221; global_colors_info=&#8221;{}&#8221;][\/et_pb_heading][\/et_pb_column][\/et_pb_row][et_pb_row column_structure=&#8221;1_4,1_4,1_4,1_4&#8243; module_class=&#8221;mobile-reorder-buttons&#8221; _builder_version=&#8221;4.27.5&#8243; _module_preset=&#8221;default&#8221; background_color=&#8221;RGBA(255,255,255,0)&#8221; module_alignment_tablet=&#8221;&#8221; module_alignment_phone=&#8221;center&#8221; module_alignment_last_edited=&#8221;on|phone&#8221; locked=&#8221;off&#8221; global_colors_info=&#8221;{}&#8221;][et_pb_column type=&#8221;1_4&#8243; _builder_version=&#8221;4.26.1&#8243; _module_preset=&#8221;default&#8221; global_colors_info=&#8221;{}&#8221;][et_pb_image src=&#8221;https:\/\/endure-consulting.com\/wp-content\/uploads\/2026\/01\/CNA_10-scaled.jpg&#8221; title_text=&#8221;CNA_10&#8243; align_tablet=&#8221;&#8221; align_phone=&#8221;center&#8221; align_last_edited=&#8221;on|phone&#8221; _builder_version=&#8221;4.27.5&#8243; _module_preset=&#8221;default&#8221; max_width_tablet=&#8221;&#8221; max_width_phone=&#8221;&#8221; max_width_last_edited=&#8221;on|tablet&#8221; custom_margin=&#8221;|||54px|false|false&#8221; global_colors_info=&#8221;{}&#8221;][\/et_pb_image][\/et_pb_column][et_pb_column type=&#8221;1_4&#8243; _builder_version=&#8221;4.26.1&#8243; _module_preset=&#8221;default&#8221; global_colors_info=&#8221;{}&#8221;][et_pb_text _builder_version=&#8221;4.26.1&#8243; _module_preset=&#8221;default&#8221; text_font=&#8221;|600||on|||||&#8221; text_text_color=&#8221;#FFFFFF&#8221; text_font_size=&#8221;25px&#8221; custom_margin=&#8221;||10px||false|false&#8221; custom_padding=&#8221;||0px||false|false&#8221; locked=&#8221;off&#8221; global_colors_info=&#8221;{}&#8221;]Christopher Nawrath<br \/>\n[\/et_pb_text][et_pb_text _builder_version=&#8221;4.27.5&#8243; _module_preset=&#8221;default&#8221; text_text_color=&#8221;#FFFFFF&#8221; global_colors_info=&#8221;{}&#8221;]20+ Jahre Industrie- und OPEX-Erfahrung.<br data-start=\"413\" data-end=\"416\" \/>Offener Austausch. Keine Pr\u00e4sentation.<br \/>\n[\/et_pb_text][\/et_pb_column][et_pb_column type=&#8221;1_4&#8243; _builder_version=&#8221;4.27.5&#8243; _module_preset=&#8221;default&#8221; global_colors_info=&#8221;{}&#8221;][et_pb_text content_tablet=&#8221;<\/p>\n<p>Ralf Kolodjezak<\/p>\n<p>&#8221; content_phone=&#8221;<\/p>\n<p>Ralf Kolodjezak<\/p>\n<p>&#8221; content_last_edited=&#8221;on|phone&#8221; _builder_version=&#8221;4.27.5&#8243; _module_preset=&#8221;default&#8221; text_font=&#8221;|600||on|||||&#8221; text_text_color=&#8221;#FFFFFF&#8221; text_font_size=&#8221;25px&#8221; custom_margin=&#8221;||10px||false|false&#8221; custom_padding=&#8221;||0px||false|false&#8221; hover_enabled=&#8221;0&#8243; locked=&#8221;off&#8221; global_colors_info=&#8221;{}&#8221; sticky_enabled=&#8221;0&#8243;]<\/p>\n<p>Ralf\u00a0 \u00a0 Kolodjezak<\/p>\n<p>[\/et_pb_text][et_pb_text _builder_version=&#8221;4.27.5&#8243; _module_preset=&#8221;default&#8221; text_text_color=&#8221;#FFFFFF&#8221; global_colors_info=&#8221;{}&#8221;]<\/p>\n<p>10+ Jahre Erfahrung im Verstehen, Analysieren &amp; Optimieren von Produktionssystemen.<\/p>\n<p>[\/et_pb_text][\/et_pb_column][et_pb_column type=&#8221;1_4&#8243; _builder_version=&#8221;4.27.5&#8243; _module_preset=&#8221;default&#8221; global_colors_info=&#8221;{}&#8221;][et_pb_image src=&#8221;https:\/\/endure-consulting.com\/wp-content\/uploads\/2026\/03\/IMG_1272-scaled.jpg&#8221; title_text=&#8221;IMG_1272&#8243; src_tablet=&#8221;https:\/\/endure-consulting.com\/wp-content\/uploads\/2026\/03\/IMG_1272-scaled.jpg&#8221; src_phone=&#8221;https:\/\/endure-consulting.com\/wp-content\/uploads\/2026\/03\/IMG_1272-scaled.jpg&#8221; src_last_edited=&#8221;on|desktop&#8221; _builder_version=&#8221;4.27.5&#8243; _module_preset=&#8221;default&#8221; max_width=&#8221;80%&#8221; max_width_tablet=&#8221;80%&#8221; max_width_phone=&#8221;80%&#8221; max_width_last_edited=&#8221;on|phone&#8221; hover_enabled=&#8221;0&#8243; global_colors_info=&#8221;{}&#8221; sticky_enabled=&#8221;0&#8243;][\/et_pb_image][\/et_pb_column][\/et_pb_row][et_pb_row _builder_version=&#8221;4.27.5&#8243; _module_preset=&#8221;default&#8221; global_colors_info=&#8221;{}&#8221;][et_pb_column type=&#8221;4_4&#8243; _builder_version=&#8221;4.27.5&#8243; _module_preset=&#8221;default&#8221; global_colors_info=&#8221;{}&#8221;][et_pb_button button_url=&#8221;https:\/\/meetings-eu1.hubspot.com\/christopher-nawrath&#8221; button_text=&#8221;Termin finden&#8221; button_alignment=&#8221;center&#8221; _builder_version=&#8221;4.27.5&#8243; _module_preset=&#8221;default&#8221; custom_button=&#8221;on&#8221; button_text_color=&#8221;#102E69&#8243; button_bg_color=&#8221;#FFFFFF&#8221; button_border_width=&#8221;0px&#8221; button_border_color=&#8221;#FFFFFF&#8221; button_border_radius=&#8221;0px&#8221; custom_css_main_element=&#8221;transform: skew(-4deg);&#8221; locked=&#8221;off&#8221; global_colors_info=&#8221;{}&#8221;][\/et_pb_button][\/et_pb_column][\/et_pb_row][\/et_pb_section]<\/p>\n","protected":false},"excerpt":{"rendered":"<p>Leistungsabfall, Kostensteigerung, fehlende Steuerung? Unsere Turnaround-Beratung bringt Stabilit\u00e4t, klare F\u00fchrung und messbare Ergebnisverbesserung.<\/p>\n","protected":false},"author":1,"featured_media":4307,"parent":0,"menu_order":0,"comment_status":"closed","ping_status":"closed","template":"","meta":{"_et_pb_use_builder":"on","_et_pb_old_content":"[et_pb_section fb_built=\"1\" admin_label=\"Section\" _builder_version=\"4.27.5\" _module_preset=\"default\" background_image=\"https:\/\/endure-consulting.com\/wp-content\/uploads\/2026\/01\/iStock-2075742031-4.jpg\" custom_margin=\"||0px|||\" custom_padding=\"||0px|||\" da_disable_devices=\"off|off|off\" global_colors_info=\"{}\" da_is_popup=\"off\" da_exit_intent=\"off\" da_has_close=\"on\" da_alt_close=\"off\" da_dark_close=\"off\" da_not_modal=\"on\" da_is_singular=\"off\" da_with_loader=\"off\" da_has_shadow=\"on\"][et_pb_row column_structure=\"3_5,2_5\" _builder_version=\"4.27.5\" _module_preset=\"default\" global_colors_info=\"{}\"][et_pb_column type=\"3_5\" _builder_version=\"4.27.5\" _module_preset=\"default\" global_colors_info=\"{}\"][et_pb_text _builder_version=\"4.27.5\" _module_preset=\"default\" text_text_color=\"#F8F8F8\" text_font_size=\"26px\" header_text_color=\"#FFFFFF\" global_colors_info=\"{}\"]<p>Die einzige Beratung, die bleibt,<\/p>[\/et_pb_text][et_pb_text _builder_version=\"4.27.5\" _module_preset=\"default\" text_text_color=\"#A7C218\" text_font_size=\"55px\" custom_margin=\"-10px||||false|false\" global_colors_info=\"{}\"]<p style=\"text-align: left;\">BIS ES FUNKTIONIERT.<\/p>[\/et_pb_text][\/et_pb_column][et_pb_column type=\"2_5\" _builder_version=\"4.27.5\" _module_preset=\"default\" global_colors_info=\"{}\"][\/et_pb_column][\/et_pb_row][et_pb_row _builder_version=\"4.27.5\" _module_preset=\"default\" global_colors_info=\"{}\"][et_pb_column type=\"4_4\" _builder_version=\"4.27.5\" _module_preset=\"default\" global_colors_info=\"{}\"][\/et_pb_column][\/et_pb_row][\/et_pb_section][et_pb_section fb_built=\"1\" _builder_version=\"4.27.5\" _module_preset=\"default\" custom_padding=\"24px|||||\" da_disable_devices=\"off|off|off\" border_width_all=\"5px\" border_color_all=\"#00528E\" global_colors_info=\"{}\" da_is_popup=\"off\" da_exit_intent=\"off\" da_has_close=\"on\" da_alt_close=\"off\" da_dark_close=\"off\" da_not_modal=\"on\" da_is_singular=\"off\" da_with_loader=\"off\" da_has_shadow=\"on\"][et_pb_row column_structure=\"1_2,1_2\" _builder_version=\"4.27.5\" _module_preset=\"default\" global_colors_info=\"{}\"][et_pb_column type=\"1_2\" _builder_version=\"4.27.5\" _module_preset=\"default\" global_colors_info=\"{}\"][et_pb_heading title=\"3 Fallstudien - 3 Erfolge\" _builder_version=\"4.27.5\" _module_preset=\"default\" title_font=\"||||on|||RGBA(255,255,255,0)|\" title_text_color=\"#102E69\" global_colors_info=\"{}\"][\/et_pb_heading][et_pb_text _builder_version=\"4.27.5\" _module_preset=\"default\" global_colors_info=\"{}\"]<p><strong>Darum lohnt sich der Download unseres Magazins:<\/strong><\/p>\r\n<p>Es zeigt nicht, <em data-start=\"209\" data-end=\"229\">was man tun k\u00f6nnte<\/em>, sondern was in der Praxis nachweislich wirkt. Echte Wirksamkeit.<\/p>\r\n<p>Dieses Magazin zeigt anhand realer Projekte aus Zellstoff- und Papierwerken, wo St\u00f6rungen und Verluste wirklich entstehen und welche Ans\u00e4tze in der Praxis messbar wirken. Statt Theorie erhalten Sie klare Einordnung, erprobte Vorgehensweisen und konkrete Praxistipps, die ohne neue Anlagen direkt im Werk umsetzbar sind.<\/p>[\/et_pb_text][dsm_icon_list _builder_version=\"4.27.5\" _module_preset=\"default\" locked=\"off\" global_colors_info=\"{}\"][dsm_icon_list_child text=\"Fallstudien & Anwendungsbeispiele\" font_icon=\"\uf058||fa||900\" icon_color=\"#A7C218\" icon_font_size=\"19px\" _builder_version=\"4.27.5\" _module_preset=\"default\" global_colors_info=\"{}\"][\/dsm_icon_list_child][dsm_icon_list_child text=\"Erfolgsfaktoren im Ver\u00e4nderungsmanagement\" font_icon=\"\uf058||fa||900\" icon_color=\"#A7C218\" icon_font_size=\"19px\" _builder_version=\"4.26.1\" _module_preset=\"default\" global_colors_info=\"{}\"][\/dsm_icon_list_child][dsm_icon_list_child text=\"Konkrete Vorgehensweisen in der Anwendung der Methoden\" font_icon=\"\uf058||fa||900\" icon_color=\"#A7C218\" icon_font_size=\"19px\" _builder_version=\"4.26.1\" _module_preset=\"default\" global_colors_info=\"{}\"][\/dsm_icon_list_child][dsm_icon_list_child text=\"Typische Probleme wie St\u00f6rungen, Alarme und Verluste\" font_icon=\"\uf058||fa||900\" icon_color=\"#A7C218\" icon_font_size=\"19px\" _builder_version=\"4.27.5\" _module_preset=\"default\" global_colors_info=\"{}\"][\/dsm_icon_list_child][dsm_icon_list_child text=\"Echte Wirksamkeit in der Umsetzung \" font_icon=\"\uf058||fa||900\" icon_color=\"#A7C218\" icon_font_size=\"19px\" _builder_version=\"4.26.1\" _module_preset=\"default\" global_colors_info=\"{}\"][\/dsm_icon_list_child][dsm_icon_list_child text=\"Ein erprobter Projektansatz von Problem bis Absicherung\" font_icon=\"\uf058||fa||900\" icon_color=\"#A7C218\" icon_font_size=\"19px\" _builder_version=\"4.27.5\" _module_preset=\"default\" global_colors_info=\"{}\"][\/dsm_icon_list_child][\/dsm_icon_list][\/et_pb_column][et_pb_column type=\"1_2\" _builder_version=\"4.27.5\" _module_preset=\"default\" global_colors_info=\"{}\"][et_pb_text _builder_version=\"4.27.5\" _module_preset=\"default\" locked=\"off\" global_colors_info=\"{}\"]<p>[hubspot type=\"form\" portal=\"25654983\" id=\"30ab773a-0da5-406d-8bb6-ad1761aa36f7\"]<\/p>[\/et_pb_text][\/et_pb_column][\/et_pb_row][\/et_pb_section]","_et_gb_content_width":"","content-type":"","inline_featured_image":false,"footnotes":""},"class_list":["post-4523","page","type-page","status-publish","has-post-thumbnail","hentry"],"yoast_head":"<!-- This site is optimized with the Yoast SEO plugin v27.3 - https:\/\/yoast.com\/product\/yoast-seo-wordpress\/ -->\n<title>Endure |\u00a0Turnaround<\/title>\n<meta name=\"description\" content=\"Leistungsabfall, Kostensteigerung, fehlende Steuerung? Unsere Turnaround-Beratung bringt Stabilit\u00e4t, klare F\u00fchrung und messbare Ergebnisverbesserung.\" \/>\n<meta name=\"robots\" content=\"index, follow, max-snippet:-1, max-image-preview:large, max-video-preview:-1\" \/>\n<link rel=\"canonical\" href=\"https:\/\/endure-consulting.com\/en\/turnaround\/\" \/>\n<meta property=\"og:locale\" content=\"en_US\" \/>\n<meta property=\"og:type\" content=\"article\" \/>\n<meta property=\"og:title\" content=\"Endure |\u00a0Turnaround\" \/>\n<meta property=\"og:description\" content=\"Leistungsabfall, Kostensteigerung, fehlende Steuerung? Unsere Turnaround-Beratung bringt Stabilit\u00e4t, klare F\u00fchrung und messbare Ergebnisverbesserung.\" \/>\n<meta property=\"og:url\" content=\"https:\/\/endure-consulting.com\/en\/turnaround\/\" \/>\n<meta property=\"og:site_name\" content=\"Endure-Consulting.com\" \/>\n<meta property=\"article:modified_time\" content=\"2026-04-13T09:10:39+00:00\" \/>\n<meta property=\"og:image\" content=\"https:\/\/endure-consulting.com\/wp-content\/uploads\/2026\/01\/iStock-2075742031-4.jpg\" \/>\n\t<meta property=\"og:image:width\" content=\"2121\" \/>\n\t<meta property=\"og:image:height\" content=\"1414\" \/>\n\t<meta property=\"og:image:type\" content=\"image\/jpeg\" \/>\n<meta name=\"twitter:card\" content=\"summary_large_image\" \/>\n<meta name=\"twitter:label1\" content=\"Est. reading time\" \/>\n\t<meta name=\"twitter:data1\" content=\"2 minutes\" \/>\n<!-- \/ Yoast SEO plugin. -->","yoast_head_json":{"title":"Endure |\u00a0Turnaround","description":"Leistungsabfall, Kostensteigerung, fehlende Steuerung? Unsere Turnaround-Beratung bringt Stabilit\u00e4t, klare F\u00fchrung und messbare Ergebnisverbesserung.","robots":{"index":"index","follow":"follow","max-snippet":"max-snippet:-1","max-image-preview":"max-image-preview:large","max-video-preview":"max-video-preview:-1"},"canonical":"https:\/\/endure-consulting.com\/en\/turnaround\/","og_locale":"en_US","og_type":"article","og_title":"Endure |\u00a0Turnaround","og_description":"Leistungsabfall, Kostensteigerung, fehlende Steuerung? Unsere Turnaround-Beratung bringt Stabilit\u00e4t, klare F\u00fchrung und messbare Ergebnisverbesserung.","og_url":"https:\/\/endure-consulting.com\/en\/turnaround\/","og_site_name":"Endure-Consulting.com","article_modified_time":"2026-04-13T09:10:39+00:00","og_image":[{"width":2121,"height":1414,"url":"https:\/\/endure-consulting.com\/wp-content\/uploads\/2026\/01\/iStock-2075742031-4.jpg","type":"image\/jpeg"}],"twitter_card":"summary_large_image","twitter_misc":{"Est. reading time":"2 minutes"},"schema":{"@context":"https:\/\/schema.org","@graph":[{"@type":"WebPage","@id":"https:\/\/endure-consulting.com\/en\/turnaround\/","url":"https:\/\/endure-consulting.com\/en\/turnaround\/","name":"Endure |\u00a0Turnaround","isPartOf":{"@id":"https:\/\/endure-consulting.com\/en\/#website"},"primaryImageOfPage":{"@id":"https:\/\/endure-consulting.com\/en\/turnaround\/#primaryimage"},"image":{"@id":"https:\/\/endure-consulting.com\/en\/turnaround\/#primaryimage"},"thumbnailUrl":"https:\/\/endure-consulting.com\/wp-content\/uploads\/2026\/01\/iStock-2075742031-4.jpg","datePublished":"2026-02-03T11:27:45+00:00","dateModified":"2026-04-13T09:10:39+00:00","description":"Leistungsabfall, Kostensteigerung, fehlende Steuerung? Unsere Turnaround-Beratung bringt Stabilit\u00e4t, klare F\u00fchrung und messbare Ergebnisverbesserung.","breadcrumb":{"@id":"https:\/\/endure-consulting.com\/en\/turnaround\/#breadcrumb"},"inLanguage":"en-US","potentialAction":[{"@type":"ReadAction","target":["https:\/\/endure-consulting.com\/en\/turnaround\/"]}]},{"@type":"ImageObject","inLanguage":"en-US","@id":"https:\/\/endure-consulting.com\/en\/turnaround\/#primaryimage","url":"https:\/\/endure-consulting.com\/wp-content\/uploads\/2026\/01\/iStock-2075742031-4.jpg","contentUrl":"https:\/\/endure-consulting.com\/wp-content\/uploads\/2026\/01\/iStock-2075742031-4.jpg","width":2121,"height":1414,"caption":"White arrow flows on cube stair shape against blue backdrop, business way concept, minimal style, 3d rendering"},{"@type":"BreadcrumbList","@id":"https:\/\/endure-consulting.com\/en\/turnaround\/#breadcrumb","itemListElement":[{"@type":"ListItem","position":1,"name":"Startseite","item":"https:\/\/endure-consulting.com\/en\/"},{"@type":"ListItem","position":2,"name":"Endure |\u00a0Turnaround"}]},{"@type":"WebSite","@id":"https:\/\/endure-consulting.com\/en\/#website","url":"https:\/\/endure-consulting.com\/en\/","name":"Endure-Consulting.com","description":"","potentialAction":[{"@type":"SearchAction","target":{"@type":"EntryPoint","urlTemplate":"https:\/\/endure-consulting.com\/en\/?s={search_term_string}"},"query-input":{"@type":"PropertyValueSpecification","valueRequired":true,"valueName":"search_term_string"}}],"inLanguage":"en-US"}]}},"_links":{"self":[{"href":"https:\/\/endure-consulting.com\/en\/wp-json\/wp\/v2\/pages\/4523","targetHints":{"allow":["GET"]}}],"collection":[{"href":"https:\/\/endure-consulting.com\/en\/wp-json\/wp\/v2\/pages"}],"about":[{"href":"https:\/\/endure-consulting.com\/en\/wp-json\/wp\/v2\/types\/page"}],"author":[{"embeddable":true,"href":"https:\/\/endure-consulting.com\/en\/wp-json\/wp\/v2\/users\/1"}],"replies":[{"embeddable":true,"href":"https:\/\/endure-consulting.com\/en\/wp-json\/wp\/v2\/comments?post=4523"}],"version-history":[{"count":11,"href":"https:\/\/endure-consulting.com\/en\/wp-json\/wp\/v2\/pages\/4523\/revisions"}],"predecessor-version":[{"id":4777,"href":"https:\/\/endure-consulting.com\/en\/wp-json\/wp\/v2\/pages\/4523\/revisions\/4777"}],"wp:featuredmedia":[{"embeddable":true,"href":"https:\/\/endure-consulting.com\/en\/wp-json\/wp\/v2\/media\/4307"}],"wp:attachment":[{"href":"https:\/\/endure-consulting.com\/en\/wp-json\/wp\/v2\/media?parent=4523"}],"curies":[{"name":"wp","href":"https:\/\/api.w.org\/{rel}","templated":true}]}}